{"id":37,"date":"2018-02-08T16:18:23","date_gmt":"2018-02-08T15:18:23","guid":{"rendered":"http:\/\/www.spottersday.cz\/?page_id=37"},"modified":"2018-06-18T22:32:52","modified_gmt":"2018-06-18T20:32:52","slug":"pravidla-rules","status":"publish","type":"page","link":"https:\/\/www.spottersday.cz\/?page_id=37","title":{"rendered":"Pravidla \/ Rules"},"content":{"rendered":"<p>&nbsp;<\/p>\n<h3><strong>Pravidla a<\/strong> <strong>organiza\u010dn\u00ed pokyny pro Spotters Day &#8211; SKY Avenger 2018, AFB \u010c\u00e1slav.<\/strong><\/h3>\n<p>&nbsp;<\/p>\n<p>&nbsp;<\/p>\n<p>Ka\u017ed\u00fd z\u00a0\u00fa\u010dastn\u00edk\u016f Spotters Day \u2013 SKY Avenger 2018 je povinen dodr\u017eovat n\u00e1sleduj\u00edc\u00ed pravidla a pokyny.<\/p>\n<p>&nbsp;<\/p>\n<p>&nbsp;<\/p>\n<p>Vyhrazen\u00fd prostor pro \u00fa\u010dastn\u00edky Spotters Day bude na travnat\u00e9 plo\u0161e za VPD, bl\u00ed\u017ee \u010c\u00e1slavi, zhruba 100m od VPD, kde jsou lep\u0161\u00ed podm\u00ednky na focen\u00ed (slunce budeme m\u00edt v z\u00e1dech).<\/p>\n<p>&nbsp;<\/p>\n<p>P\u0159\u00edstup do vyhrazen\u00e9ho prostoru bude z hlavn\u00edho tahu na Kol\u00edn, proto v\u00e1s pros\u00edme o zv\u00fd\u0161enou opatrnost p\u0159i p\u0159ech\u00e1zen\u00ed t\u00e9to frekventovan\u00e9 silnice, viz p\u0159ilo\u017een\u00e9 mapy. Cesta bude ozna\u010dena od hlavn\u00edho \u017eelezni\u010dn\u00edho n\u00e1dra\u017e\u00ed \u010c\u00e1slav cedulemi SPOTTERS DAY.<\/p>\n<p><a href=\"http:\/\/www.spottersday.cz\/wp-content\/uploads\/2018\/06\/MAPA-SKY-AVENGER.jpg\"><img loading=\"lazy\" decoding=\"async\" class=\"alignnone size-thumbnail wp-image-134\" src=\"http:\/\/www.spottersday.cz\/wp-content\/uploads\/2018\/06\/MAPA-SKY-AVENGER-150x150.jpg\" alt=\"\" width=\"150\" height=\"150\" \/><\/a><\/p>\n<p>Parkov\u00e1n\u00ed doporu\u010dujeme u vlakov\u00e9ho n\u00e1dra\u017e\u00ed, kde je k dispozici parkovi\u0161t\u011b s v\u011bt\u0161\u00ed kapacitou,\u00a0p\u0159\u00edpadn\u011b zaparkovat v p\u0159ilehl\u00fdch ulic\u00edch. Parkov\u00e1n\u00ed ve vojensk\u00e9m prostoru nen\u00ed mo\u017en\u00e9. Vzd\u00e1lenost od n\u00e1dra\u017e\u00ed na leti\u0161t\u011b je zhruba 2,5 km. Alternativn\u011b je mo\u017en\u00e9 vyu\u017e\u00edt parkovi\u0161t\u011b u h\u0159bitova, kde je mo\u017eno zaparkovat zhruba 30 aut. Parkovi\u0161t\u011b je zhruba 100m od hlavn\u00edho tahu na Kol\u00edn.<\/p>\n<p>&nbsp;<\/p>\n<p><strong>Otev\u0159en\u00ed prostoru bude 20.6.2018 v 8:00. <\/strong><\/p>\n<p>U vstupu p\u0159edlo\u017ete sv\u00e9 ID, kter\u00e9 jste uvedli do registra\u010dn\u00edho formul\u00e1\u0159e a \u010d\u00edslo akreditace. Po n\u00e1sledn\u00e9 kontrole dostanete identifika\u010dn\u00ed p\u00e1sku, kter\u00e1 v\u00e1s oprav\u0148uje ke vstupu do vyhrazen\u00e9ho prostoru. V\u00a0r\u00e1mci akredita\u010dn\u00edho fee dostanete welcome pack, kter\u00fd obsahuje ofici\u00e1ln\u00ed n\u00e1\u0161ivku, drobn\u00e9 dary od 21. zTL a pouk\u00e1zku na ob\u011bd \u2013 gul\u00e1\u0161 s chlebem, kter\u00fd bude vyd\u00e1v\u00e1n kolem 12:00.<\/p>\n<p>&nbsp;<\/p>\n<p><strong>V prostoru leti\u0161t\u011b je zak\u00e1z\u00e1no:<\/strong><\/p>\n<ul>\n<li>Vn\u00e1\u0161et a po\u017e\u00edvat alkoholick\u00e9 n\u00e1poje, drogy a jin\u00e9 omamn\u00e9 l\u00e1tky.<\/li>\n<li>Vn\u00e1\u0161et st\u0159eln\u00e9, se\u010dn\u00e9, bodn\u00e9 zbran\u011b v\u010detn\u011b munice a ostatn\u00edch v\u00fdbu\u0161in.<\/li>\n<li>K\u00a0fotografov\u00e1n\u00ed a nat\u00e1\u010den\u00ed pou\u017e\u00edvat drony, \u010di jin\u00e9 prost\u0159edky, kter\u00e9 by mohly ohrozit bezpe\u010dnost letov\u00e9ho provozu.<\/li>\n<li>Pohybovat se v\u00a0jin\u00fdch ne\u017e vyhrazen\u00fdch prostorech pro Spotters day.<\/li>\n<li>Vstupovat s\u00a0dom\u00e1c\u00edmi zv\u00ed\u0159aty.<\/li>\n<\/ul>\n<p>&nbsp;<\/p>\n<p>Nebudete-li ozna\u010den\u00ed ID p\u00e1skou, budete z prostoru vyk\u00e1z\u00e1ni Vojenskou polici\u00ed, kter\u00e1 bude dohl\u00ed\u017eet na po\u0159\u00e1dek ve vyhrazen\u00e9m prostoru i v okol\u00ed z\u00e1kladny.<\/p>\n<p><strong>V\u00a0r\u00e1mci bezpe\u010dnosti bude Vojensk\u00e1 policie prov\u00e1d\u011bt osobn\u00ed bezpe\u010dnostn\u00ed prohl\u00eddky, s\u00a0kter\u00fdmi pros\u00edm po\u010d\u00edtejte. <\/strong><\/p>\n<p>&nbsp;<\/p>\n<p>Dodr\u017eujte pros\u00edm pokyny organiz\u00e1tor\u016f i vojensk\u00e9 policie a zdr\u017eujte se ve vyhrazen\u00e9m prostoru, kter\u00fd bude ohrani\u010den p\u00e1skou. P\u0159i poru\u0161en\u00ed t\u011bchto pravidel budete vyk\u00e1z\u00e1ni z prostoru SP Vojenskou polici\u00ed.<\/p>\n<p>&nbsp;<\/p>\n<p>Na m\u00edst\u011b bude mo\u017eno zakoupit upom\u00ednkov\u00e9 p\u0159edm\u011bty.<\/p>\n<p>&nbsp;<\/p>\n<p>Vzhledem ke zv\u00fd\u0161en\u00e9 hlukov\u00e9 z\u00e1t\u011b\u017ei doporu\u010dujeme pou\u017e\u00edvat ochrann\u00e9 protihlukov\u00e9 pomuck\u00fd.<\/p>\n<p>&nbsp;<\/p>\n<p>Organiz\u00e1tor neru\u010d\u00ed a neodpov\u00edd\u00e1 za:<\/p>\n<ul>\n<li>osobn\u00ed a odlo\u017een\u00e9 v\u011bci,<\/li>\n<li>zm\u011bny v\u00a0letov\u00fdch pl\u00e1nech, po\u010dtech leteck\u00e9 techniky a pr\u016fb\u011bhu cvi\u010den\u00ed,<\/li>\n<li>nep\u0159\u00edze\u0148 po\u010das\u00ed,<\/li>\n<li>neud\u011blen\u00ed akreditace,<\/li>\n<li>\u0161kody, \u00farazy a poran\u011bn\u00ed, kter\u00e9 si \u00fa\u010dastn\u00edci zp\u016fsobili vlastn\u00ed neopatrnosti, \u010di nedodr\u017een\u00edm pokyn\u016f organiz\u00e1tor\u016f a vojensk\u00e9 policie.<\/li>\n<\/ul>\n<p>&nbsp;<\/p>\n<p><strong>V\u00a0p\u0159\u00edpadn\u011b nebezpe\u010d\u00ed nebo nal\u00e9hav\u00e9 situace jsou \u00fa\u010dastn\u00edci povinni neprodlen\u011b opustit prostor a uposlechnout pokyn\u016f organiz\u00e1tor\u016f a VP. <\/strong><\/p>\n<p>&nbsp;<\/p>\n<p>&nbsp;<\/p>\n<p>FOTOSOUT\u011a\u017d<\/p>\n<p>Jako \u00fa\u010dastn\u00edk SD se m\u016f\u017eete z\u00fa\u010dastnit fotosout\u011b\u017ee, v\u00a0r\u00e1mci kter\u00e9 vyhodnot\u00edme spolu s\u00a0p\u0159\u00edslu\u0161n\u00edky z\u00e1kladny p\u0159ihl\u00e1\u0161en\u00e9 fotografie ze SD. 3 v\u00fdherci obdr\u017e\u00ed hodnotn\u00e9 ceny z e-shopu 211. letky. Podm\u00ednkou p\u0159ijet\u00ed do sout\u011b\u017ee bude zasl\u00e1n\u00ed fotografi\u00ed ve velk\u00e9m rozli\u0161en\u00ed se souhlasem k voln\u00e9mu pou\u017eit\u00ed pro prezentaci 21. z\u00e1kladny taktick\u00e9ho letectva a A\u010cR.<\/p>\n<p>&nbsp;<\/p>\n<p>&nbsp;<\/p>\n","protected":false},"excerpt":{"rendered":"<p>&nbsp; Pravidla a organiza\u010dn\u00ed pokyny pro Spotters Day &#8211; SKY Avenger 2018, AFB \u010c\u00e1slav. &nbsp; &nbsp; Ka\u017ed\u00fd z\u00a0\u00fa\u010dastn\u00edk\u016f Spotters Day \u2013 SKY Avenger 2018 je povinen dodr\u017eovat n\u00e1sleduj\u00edc\u00ed pravidla a&hellip;<\/p>\n<div class=\"read-more-wrap\"><a class=\"read-more\" href=\"https:\/\/www.spottersday.cz\/?page_id=37\">Read More<\/a><\/div>\n","protected":false},"author":1,"featured_media":79,"parent":0,"menu_order":0,"comment_status":"closed","ping_status":"closed","template":"","meta":{"_exactmetrics_skip_tracking":false,"_exactmetrics_sitenote_active":false,"_exactmetrics_sitenote_note":"","_exactmetrics_sitenote_category":0,"ngg_post_thumbnail":0,"footnotes":""},"_links":{"self":[{"href":"https:\/\/www.spottersday.cz\/index.php?rest_route=\/wp\/v2\/pages\/37"}],"collection":[{"href":"https:\/\/www.spottersday.cz\/index.php?rest_route=\/wp\/v2\/pages"}],"about":[{"href":"https:\/\/www.spottersday.cz\/index.php?rest_route=\/wp\/v2\/types\/page"}],"author":[{"embeddable":true,"href":"https:\/\/www.spottersday.cz\/index.php?rest_route=\/wp\/v2\/users\/1"}],"replies":[{"embeddable":true,"href":"https:\/\/www.spottersday.cz\/index.php?rest_route=%2Fwp%2Fv2%2Fcomments&post=37"}],"version-history":[{"count":6,"href":"https:\/\/www.spottersday.cz\/index.php?rest_route=\/wp\/v2\/pages\/37\/revisions"}],"predecessor-version":[{"id":165,"href":"https:\/\/www.spottersday.cz\/index.php?rest_route=\/wp\/v2\/pages\/37\/revisions\/165"}],"wp:featuredmedia":[{"embeddable":true,"href":"https:\/\/www.spottersday.cz\/index.php?rest_route=\/wp\/v2\/media\/79"}],"wp:attachment":[{"href":"https:\/\/www.spottersday.cz\/index.php?rest_route=%2Fwp%2Fv2%2Fmedia&parent=37"}],"curies":[{"name":"wp","href":"https:\/\/api.w.org\/{rel}","templated":true}]}}